{"id":5423,"date":"2026-01-22T17:53:50","date_gmt":"2026-01-22T16:53:50","guid":{"rendered":"https:\/\/www.camping-fontarache.fr\/informazioni-legali\/"},"modified":"2026-04-13T11:44:12","modified_gmt":"2026-04-13T09:44:12","slug":"informazioni-legali","status":"publish","type":"page","link":"https:\/\/www.camping-fontarache.fr\/it\/informazioni-legali\/","title":{"rendered":"Informazioni legali"},"content":{"rendered":"\n<div class=\"wp-block-group section-list-hebergement has-global-padding is-layout-constrained wp-container-core-group-is-layout-581845c4 wp-block-group-is-layout-constrained\" style=\"margin-top:0px;margin-bottom:0px;padding-top:8rem;padding-right:0rem;padding-bottom:8rem;padding-left:0rem\">\n<div class=\"wp-block-group top has-global-padding is-layout-constrained wp-container-core-group-is-layout-f4426c34 wp-block-group-is-layout-constrained\" style=\"padding-right:10rem;padding-left:10rem\">\n<h1 class=\"wp-block-heading has-text-align-center\">Informazioni legali<\/h1>\n\n\n\n<figure class=\"wp-block-image aligncenter size-large\"><img decoding=\"async\" width=\"39\" height=\"39\" src=\"https:\/\/www.camping-fontarache.fr\/wp-content\/uploads\/2026\/01\/icon-rond-marron.svg\" alt=\"icona rotonda marrone\" class=\"wp-image-287\"\/><\/figure>\n\n\n\n<div class=\"wp-block-group is-layout-flow wp-block-group-is-layout-flow\" style=\"margin-top:4rem;margin-bottom:0px;padding-top:0rem;padding-right:0rem;padding-bottom:0rem;padding-left:0rem\">\n<h2 class=\"wp-block-heading has-large-font-size\">Responsabile del sito<\/h2>\n\n\n\n<p><strong>Camping Le Fontarache ****<\/strong> (SARL) <br\/>2 RUE DU MOULIN, 04400 LES THUILES <br\/>Tel. +334 92 81 90 42 <br\/>Email: reception@camping-fontarache.fr <br\/>SIREN : 351410261 <br\/>TVA Intracommunautaire : FR69351410261 <br\/>Capitale sociale : 7 622,45 \u20ac <br\/>Responsabile della pubblicazione : M Olivier ISOARDI<\/p>\n<\/div>\n\n\n\n<div class=\"wp-block-group is-layout-flow wp-block-group-is-layout-flow\" style=\"margin-top:4rem;margin-bottom:0px;padding-top:0rem;padding-right:0rem;padding-bottom:0rem;padding-left:0rem\">\n<h2 class=\"wp-block-heading has-large-font-size\">PRODUZIONE<\/h2>\n\n\n\n<p><strong>GEEK TONIC<\/strong> <br\/>Rappresentato da Yohan Darmayan in qualit\u00e0 di Manager <br\/>Sede legale: 16 CHEMIN DE SABALCE 64100 BAYONNE <br\/>Tel: +335 32 74 11 53 <br\/>E-mail: support@geek-tonic.com <br\/>Sito web <a href=\"https:\/\/www.geek-tonic.com\/\" target=\"_blank\" rel=\"noreferrer noopener\">www.geek-tonic.com<\/a> <br\/>SIRET: 89746755100031 <br\/>APE: 6201Z<\/p>\n<\/div>\n\n\n\n<div class=\"wp-block-group is-layout-flow wp-block-group-is-layout-flow\" style=\"margin-top:4rem;margin-bottom:0px;padding-top:0rem;padding-right:0rem;padding-bottom:0rem;padding-left:0rem\">\n<h2 class=\"wp-block-heading has-large-font-size\">COPYRIGHT E DIRITTI D&#8217;AUTORE<\/h2>\n\n\n\n<p>L&#8217;intero contenuto di questo sito \u00e8 soggetto a copyright e propriet\u00e0 intellettuale ai sensi della legge francese. \u00c8 vietata qualsiasi riproduzione (incluse foto, icone e documenti scaricabili) senza il preventivo consenso di GEEK TONIC. \u00c8 vietata la riproduzione su supporto elettronico di tutto o parte del sito in formato cartaceo o elettronico. GEEK TONIC declina ogni responsabilit\u00e0 per il contenuto del sito. GEEK TONIC declina inoltre ogni responsabilit\u00e0 per quanto riguarda i link esterni che puntano al presente sito.   <\/p>\n<\/div>\n\n\n\n<div class=\"wp-block-group is-layout-flow wp-block-group-is-layout-flow\" style=\"margin-top:4rem;margin-bottom:0px;padding-top:0rem;padding-right:0rem;padding-bottom:0rem;padding-left:0rem\">\n<h2 class=\"wp-block-heading has-large-font-size\">DATI PERSONALI E INFORMAZIONI NOMINATIVE<\/h2>\n\n\n\n<p>Hai il diritto di accedere, modificare, rettificare e cancellare i dati che ti riguardano ai sensi dell&#8217;articolo 34 della legge francese sulla protezione dei dati personali n. 78-17 del 6 gennaio 1978, modificata il 6 agosto 2018. Per esercitare questo diritto di accesso, invia una richiesta scritta all&#8217;editore del sito. <\/p>\n<\/div>\n\n\n\n<div class=\"wp-block-group is-layout-flow wp-block-group-is-layout-flow\" style=\"margin-top:4rem;margin-bottom:0px;padding-top:0rem;padding-right:0rem;padding-bottom:0rem;padding-left:0rem\">\n<h2 class=\"wp-block-heading has-large-font-size\">LEGISLAZIONE<\/h2>\n\n\n\n<p>Ai sensi della legge dell&#8217;11 marzo 1957 (art. 41) e del codice della propriet\u00e0 intellettuale del 1 luglio 1992, \u00e8 vietata la riproduzione totale o parziale del sito senza la preventiva autorizzazione dell&#8217;editore del sito. Loghi, immagini, foto, video, grafici e testi sono di propriet\u00e0 dei rispettivi titolari. Questo sito potrebbe essere collegato, a sua insaputa, ad altri siti tramite link ipermediali. L&#8217;editore del sito declina ogni responsabilit\u00e0 per le informazioni presentate in questi siti. Gli utenti di Internet riconoscono che l&#8217;uso di questo sito \u00e8 regolato dalla legge francese.    <\/p>\n<\/div>\n<\/div>\n<\/div>\n","protected":false},"excerpt":{"rendered":"<p>Informazioni legali Responsabile del sito Camping Le Fontarache **** (SARL) 2 RUE DU MOULIN, 04400 LES THUILES Tel. +334 92 81 90 42 Email: reception@camping-fontarache.fr SIREN : 351410261 TVA Intracommunautaire : FR69351410261 Capitale sociale : 7 622,45 \u20ac Responsabile della pubblicazione : M Olivier ISOARDI PRODUZIONE GEEK TONIC Rappresentato da Yohan Darmayan in qualit\u00e0 di [&hellip;]<\/p>\n","protected":false},"author":1,"featured_media":0,"parent":0,"menu_order":0,"comment_status":"closed","ping_status":"closed","template":"","meta":{"_seopress_robots_primary_cat":"","_seopress_titles_title":"Avviso legale | Camping Le Fontarache","_seopress_titles_desc":"Informazioni legali, crediti e politica di riservatezza per il sito web del Camping Le Fontarache a Barcelonnette.","_seopress_robots_index":"yes","_gt_ctv_global_id":"6261","_gt_ctv_id_group":false,"inline_featured_image":false,"gt_fse_maillage_image":"https:\/\/www.camping-fontarache.fr\/wp-content\/uploads\/2026\/03\/mentions-legales-camping-le-fontarache-alpes-de-haute-provence.jpg","gt_fse_maillage_titre":"Informazioni legali","gt_fse_maillage_alt":"informazioni legali camping le fontarache alpes de haute provence","gt_fse_maillage_resume":"","footnotes":""},"categories":[],"tags":[],"class_list":["post-5423","page","type-page","status-publish","hentry"],"_links":{"self":[{"href":"https:\/\/www.camping-fontarache.fr\/it\/wp-json\/wp\/v2\/pages\/5423","targetHints":{"allow":["GET"]}}],"collection":[{"href":"https:\/\/www.camping-fontarache.fr\/it\/wp-json\/wp\/v2\/pages"}],"about":[{"href":"https:\/\/www.camping-fontarache.fr\/it\/wp-json\/wp\/v2\/types\/page"}],"author":[{"embeddable":true,"href":"https:\/\/www.camping-fontarache.fr\/it\/wp-json\/wp\/v2\/users\/1"}],"replies":[{"embeddable":true,"href":"https:\/\/www.camping-fontarache.fr\/it\/wp-json\/wp\/v2\/comments?post=5423"}],"version-history":[{"count":3,"href":"https:\/\/www.camping-fontarache.fr\/it\/wp-json\/wp\/v2\/pages\/5423\/revisions"}],"predecessor-version":[{"id":5744,"href":"https:\/\/www.camping-fontarache.fr\/it\/wp-json\/wp\/v2\/pages\/5423\/revisions\/5744"}],"wp:attachment":[{"href":"https:\/\/www.camping-fontarache.fr\/it\/wp-json\/wp\/v2\/media?parent=5423"}],"wp:term":[{"taxonomy":"category","embeddable":true,"href":"https:\/\/www.camping-fontarache.fr\/it\/wp-json\/wp\/v2\/categories?post=5423"},{"taxonomy":"post_tag","embeddable":true,"href":"https:\/\/www.camping-fontarache.fr\/it\/wp-json\/wp\/v2\/tags?post=5423"}],"curies":[{"name":"wp","href":"https:\/\/api.w.org\/{rel}","templated":true}]}}